{"id":78,"date":"2015-04-06T13:25:43","date_gmt":"2015-04-06T11:25:43","guid":{"rendered":"http:\/\/fjeldblomster.no\/?page_id=78"},"modified":"2020-04-06T20:38:09","modified_gmt":"2020-04-06T18:38:09","slug":"hva-er-gabioner","status":"publish","type":"page","link":"https:\/\/www.fjeldblomster.no\/?page_id=78","title":{"rendered":"Hva er Gabioner?"},"content":{"rendered":"<table style=\"border-color: #ffffff; background-color: #ffffff;\">\n<tbody>\n<tr>\n<td><a href=\"https:\/\/fjeldblomster.no\/wp-content\/uploads\/2015\/04\/Naturgarden-Gabioner1.jpg\" target=\"_blank\" rel=\"noopener noreferrer\"><img decoding=\"async\" loading=\"lazy\" class=\"alignnone size-thumbnail wp-image-84\" src=\"https:\/\/fjeldblomster.no\/wp-content\/uploads\/2015\/04\/Naturgarden-Gabioner1-150x150.jpg\" alt=\"Naturgarden-Gabioner1\" width=\"150\" height=\"150\"><\/a><a href=\"https:\/\/fjeldblomster.no\/wp-content\/uploads\/2015\/04\/Naturgarden-Blomsterbed1.jpg\" target=\"_blank\" rel=\"noopener noreferrer\"><img decoding=\"async\" loading=\"lazy\" class=\"alignnone size-thumbnail wp-image-93\" src=\"https:\/\/fjeldblomster.no\/wp-content\/uploads\/2015\/04\/Naturgarden-Blomsterbed1-150x150.jpg\" alt=\"Naturgarden-Blomsterbed1\" width=\"150\" height=\"150\"><\/a><\/td>\n<td><a href=\"https:\/\/fjeldblomster.no\/wp-content\/uploads\/2015\/04\/Naturgarden-Krauterspiral-A-B-C-D.jpg\" target=\"_blank\" rel=\"noopener noreferrer\"><img decoding=\"async\" loading=\"lazy\" class=\"alignnone size-thumbnail wp-image-90\" src=\"https:\/\/fjeldblomster.no\/wp-content\/uploads\/2015\/04\/Naturgarden-Krauterspiral-A-B-C-D-150x150.jpg\" alt=\"Naturgarden-Krauterspiral-A-B-C-D\" width=\"150\" height=\"150\"><\/a><a href=\"https:\/\/fjeldblomster.no\/wp-content\/uploads\/2015\/04\/Naturgarden-Bellissa-Badebasseng2.jpg\" target=\"_blank\" rel=\"noopener noreferrer\"><img decoding=\"async\" loading=\"lazy\" class=\"alignnone size-thumbnail wp-image-96\" src=\"https:\/\/fjeldblomster.no\/wp-content\/uploads\/2015\/04\/Naturgarden-Bellissa-Badebasseng2-150x150.jpg\" alt=\"Naturgarden-Bellissa-Badebasseng2\" width=\"150\" height=\"150\"><\/a><\/td>\n<td><a href=\"https:\/\/fjeldblomster.no\/wp-content\/uploads\/2015\/04\/Naturgarden-Gabioner2.jpg\" target=\"_blank\" rel=\"noopener noreferrer\"><img decoding=\"async\" loading=\"lazy\" class=\"alignnone size-thumbnail wp-image-89\" src=\"https:\/\/fjeldblomster.no\/wp-content\/uploads\/2015\/04\/Naturgarden-Gabioner2-150x150.jpg\" alt=\"Naturgarden-Gabioner2\" width=\"150\" height=\"150\"><\/a><a href=\"https:\/\/fjeldblomster.no\/wp-content\/uploads\/2015\/04\/Naturgarden-Bellissa-Avfallsinngjerding.jpg\" target=\"_blank\" rel=\"noopener noreferrer\"><img decoding=\"async\" loading=\"lazy\" class=\"alignnone size-thumbnail wp-image-95\" src=\"https:\/\/fjeldblomster.no\/wp-content\/uploads\/2015\/04\/Naturgarden-Bellissa-Avfallsinngjerding-150x150.jpg\" alt=\"Naturgarden-Bellissa-Avfallsinngjerding\" width=\"150\" height=\"150\"><\/a><\/td>\n<\/tr>\n<\/tbody>\n<\/table>\n<p>Gabioner er st\u00e5lbur\/kurver&nbsp; av galvanisert\/syrefaste st\u00e5lnett, som monteres og fylles med stein, sand og\/eller jord.<\/p>\n<p>Enkel og rask montering, uten \u00e5 skru.<\/p>\n<p>Gabioner kan brukes til:<\/p>\n<ul>\n<li>Steinmurer&nbsp;&nbsp; &#8211;&nbsp; steingjerder&nbsp; &#8211;&nbsp; st\u00f8ttemurer p\u00e5 land og til vanns st\u00f8ttekonstruksjoner&nbsp;&nbsp; &#8211;&nbsp; bygningselementer&nbsp; &#8211;&nbsp; st\u00f8yskjerming flomsikring, som gir langt bedre sikring enn sandsekker<\/li>\n<li>Levegger&nbsp; &#8211; skillevegger &#8211; frittst\u00e5ende&nbsp; vegger (meget god st\u00f8ydempende effekt)<\/li>\n<li>S\u00f8yler&nbsp; &#8211;&nbsp; hagebenker&nbsp; &#8211;&nbsp; blomsterbed&nbsp; &#8211; dammer&nbsp; &#8211;&nbsp; sv\u00f8mmebasseng<\/li>\n<li>Innbygging av avfallscontainere og s\u00f8ppelplasser<\/li>\n<li>Utegriller \u2013 postkasser &#8211;&nbsp; m.m.<\/li>\n<\/ul>\n<p>Vedlikeholdsfritt<\/p>\n<p>Effektiv erosjonssikring<\/p>\n<p>Vi leverer alle typer Gabioner ferdig oppsatt. Vi leverer ogs\u00e5 planter eller er behjelpelig med beplantning. Vi leverer i Telemark, Buskerud, Vestfold, Akershus og Oslo. Egen avdeling i Finnmark.&nbsp;Ta kontakt for informasjon, befaring og priser.<\/p>\n<h2>Produsent:<\/h2>\n<p>Bellissa i Tyskland har i over 20 \u00e5r produsert Gabioner samt innovative&nbsp; og h\u00f8yverdige&nbsp; hus og hage produkter i st\u00e5l og stein, basert p\u00e5&nbsp; eldgammel og solid byggeteknikk.<br \/>\nSe mer p\u00e5 <a href=\"https:\/\/www.bellissa.de\/\" target=\"_blank\" rel=\"noopener noreferrer\">www.bellissa.de<\/a><\/p>\n<p>Flere bilder:<\/p>\n<p class=\"jetpack-slideshow-noscript robots-nocontent\">Denne bildekrusellen krever javaskript.<\/p><div id=\"gallery-78-1-slideshow\" class=\"jetpack-slideshow-window jetpack-slideshow jetpack-slideshow-black\" data-trans=\"fade\" data-autostart=\"1\" data-gallery=\"[{&quot;src&quot;:&quot;https:\\\/\\\/www.fjeldblomster.no\\\/wp-content\\\/uploads\\\/2015\\\/04\\\/Naturgarden-Bellissa-Levegg2.jpg&quot;,&quot;id&quot;:&quot;111&quot;,&quot;title&quot;:&quot;Naturgarden-Bellissa-Levegg2&quot;,&quot;alt&quot;:&quot;&quot;,&quot;caption&quot;:&quot;&quot;,&quot;itemprop&quot;:&quot;image&quot;},{&quot;src&quot;:&quot;https:\\\/\\\/www.fjeldblomster.no\\\/wp-content\\\/uploads\\\/2015\\\/04\\\/bellissa-U-Beetkante-Steingarten.jpg&quot;,&quot;id&quot;:&quot;110&quot;,&quot;title&quot;:&quot;bellissa-U-Beetkante-Steingarten&quot;,&quot;alt&quot;:&quot;&quot;,&quot;caption&quot;:&quot;&quot;,&quot;itemprop&quot;:&quot;image&quot;},{&quot;src&quot;:&quot;https:\\\/\\\/www.fjeldblomster.no\\\/wp-content\\\/uploads\\\/2015\\\/04\\\/Bellissa-Gittermauer-232-x-40-cm.jpg&quot;,&quot;id&quot;:&quot;109&quot;,&quot;title&quot;:&quot;Bellissa-Gittermauer-232-x-40-cm&quot;,&quot;alt&quot;:&quot;&quot;,&quot;caption&quot;:&quot;&quot;,&quot;itemprop&quot;:&quot;image&quot;},{&quot;src&quot;:&quot;https:\\\/\\\/www.fjeldblomster.no\\\/wp-content\\\/uploads\\\/2015\\\/04\\\/belissa-Grill-und-Feuerstelle.jpg&quot;,&quot;id&quot;:&quot;108&quot;,&quot;title&quot;:&quot;belissa-Grill-und-Feuerstelle&quot;,&quot;alt&quot;:&quot;&quot;,&quot;caption&quot;:&quot;&quot;,&quot;itemprop&quot;:&quot;image&quot;},{&quot;src&quot;:&quot;https:\\\/\\\/www.fjeldblomster.no\\\/wp-content\\\/uploads\\\/2015\\\/04\\\/640_0.jpg&quot;,&quot;id&quot;:&quot;107&quot;,&quot;title&quot;:&quot;640_0&quot;,&quot;alt&quot;:&quot;&quot;,&quot;caption&quot;:&quot;&quot;,&quot;itemprop&quot;:&quot;image&quot;},{&quot;src&quot;:&quot;https:\\\/\\\/www.fjeldblomster.no\\\/wp-content\\\/uploads\\\/2015\\\/04\\\/Naturgarden-Bellissa-Avfallsinngjerding.jpg&quot;,&quot;id&quot;:&quot;95&quot;,&quot;title&quot;:&quot;Naturgarden-Bellissa-Avfallsinngjerding&quot;,&quot;alt&quot;:&quot;&quot;,&quot;caption&quot;:&quot;&quot;,&quot;itemprop&quot;:&quot;image&quot;},{&quot;src&quot;:&quot;https:\\\/\\\/www.fjeldblomster.no\\\/wp-content\\\/uploads\\\/2015\\\/04\\\/Naturgarden-Bellissa-Badebasseng2.jpg&quot;,&quot;id&quot;:&quot;96&quot;,&quot;title&quot;:&quot;Naturgarden-Bellissa-Badebasseng2&quot;,&quot;alt&quot;:&quot;&quot;,&quot;caption&quot;:&quot;&quot;,&quot;itemprop&quot;:&quot;image&quot;},{&quot;src&quot;:&quot;https:\\\/\\\/www.fjeldblomster.no\\\/wp-content\\\/uploads\\\/2015\\\/04\\\/87_0.jpg&quot;,&quot;id&quot;:&quot;104&quot;,&quot;title&quot;:&quot;87_0&quot;,&quot;alt&quot;:&quot;&quot;,&quot;caption&quot;:&quot;&quot;,&quot;itemprop&quot;:&quot;image&quot;},{&quot;src&quot;:&quot;https:\\\/\\\/www.fjeldblomster.no\\\/wp-content\\\/uploads\\\/2015\\\/04\\\/93_1.jpg&quot;,&quot;id&quot;:&quot;105&quot;,&quot;title&quot;:&quot;93_1&quot;,&quot;alt&quot;:&quot;&quot;,&quot;caption&quot;:&quot;&quot;,&quot;itemprop&quot;:&quot;image&quot;},{&quot;src&quot;:&quot;https:\\\/\\\/www.fjeldblomster.no\\\/wp-content\\\/uploads\\\/2015\\\/04\\\/247_1.jpg&quot;,&quot;id&quot;:&quot;106&quot;,&quot;title&quot;:&quot;247_1&quot;,&quot;alt&quot;:&quot;&quot;,&quot;caption&quot;:&quot;&quot;,&quot;itemprop&quot;:&quot;image&quot;},{&quot;src&quot;:&quot;https:\\\/\\\/www.fjeldblomster.no\\\/wp-content\\\/uploads\\\/2015\\\/04\\\/Naturgarden-Blomsterbed1.jpg&quot;,&quot;id&quot;:&quot;93&quot;,&quot;title&quot;:&quot;Naturgarden-Blomsterbed1&quot;,&quot;alt&quot;:&quot;&quot;,&quot;caption&quot;:&quot;&quot;,&quot;itemprop&quot;:&quot;image&quot;},{&quot;src&quot;:&quot;https:\\\/\\\/www.fjeldblomster.no\\\/wp-content\\\/uploads\\\/2015\\\/04\\\/Naturgarden-Krauterspiral-A-B-C-D.jpg&quot;,&quot;id&quot;:&quot;90&quot;,&quot;title&quot;:&quot;Naturgarden-Krauterspiral-A-B-C-D&quot;,&quot;alt&quot;:&quot;&quot;,&quot;caption&quot;:&quot;&quot;,&quot;itemprop&quot;:&quot;image&quot;},{&quot;src&quot;:&quot;https:\\\/\\\/www.fjeldblomster.no\\\/wp-content\\\/uploads\\\/2015\\\/04\\\/Naturgarden-Gabioner2.jpg&quot;,&quot;id&quot;:&quot;89&quot;,&quot;title&quot;:&quot;Naturgarden-Gabioner2&quot;,&quot;alt&quot;:&quot;&quot;,&quot;caption&quot;:&quot;&quot;,&quot;itemprop&quot;:&quot;image&quot;},{&quot;src&quot;:&quot;https:\\\/\\\/www.fjeldblomster.no\\\/wp-content\\\/uploads\\\/2015\\\/04\\\/Naturgarden-Gabioner1.jpg&quot;,&quot;id&quot;:&quot;84&quot;,&quot;title&quot;:&quot;Naturgarden-Gabioner1&quot;,&quot;alt&quot;:&quot;&quot;,&quot;caption&quot;:&quot;&quot;,&quot;itemprop&quot;:&quot;image&quot;},{&quot;src&quot;:&quot;https:\\\/\\\/www.fjeldblomster.no\\\/wp-content\\\/uploads\\\/2015\\\/02\\\/hamrekoia1.jpg&quot;,&quot;id&quot;:&quot;14&quot;,&quot;title&quot;:&quot;hamrekoia1&quot;,&quot;alt&quot;:&quot;&quot;,&quot;caption&quot;:&quot;&quot;,&quot;itemprop&quot;:&quot;image&quot;},{&quot;src&quot;:&quot;https:\\\/\\\/www.fjeldblomster.no\\\/wp-content\\\/uploads\\\/2015\\\/02\\\/98beleg03.jpg&quot;,&quot;id&quot;:&quot;11&quot;,&quot;title&quot;:&quot;98beleg03&quot;,&quot;alt&quot;:&quot;&quot;,&quot;caption&quot;:&quot;&quot;,&quot;itemprop&quot;:&quot;image&quot;}]\" itemscope itemtype=\"https:\/\/schema.org\/ImageGallery\"><\/div>\n","protected":false},"excerpt":{"rendered":"<p>Gabioner er st\u00e5lbur\/kurver&nbsp; av galvanisert\/syrefaste st\u00e5lnett, som monteres og fylles med stein, sand og\/eller jord. Enkel og rask montering, uten \u00e5 skru. Gabioner kan brukes til: Steinmurer&nbsp;&nbsp; &#8211;&nbsp; steingjerder&nbsp; &#8211;&nbsp; st\u00f8ttemurer p\u00e5 land og til vanns st\u00f8ttekonstruksjoner&nbsp;&nbsp; &#8211;&nbsp; bygningselementer&nbsp; &#8211;&nbsp; &hellip; <a href=\"https:\/\/www.fjeldblomster.no\/?page_id=78\">Les videre <span class=\"meta-nav\">&rarr;<\/span><\/a><\/p>\n","protected":false},"author":1,"featured_media":0,"parent":0,"menu_order":0,"comment_status":"closed","ping_status":"open","template":"","meta":{"jetpack_post_was_ever_published":false},"jetpack_sharing_enabled":true,"jetpack_shortlink":"https:\/\/wp.me\/P5OJl1-1g","_links":{"self":[{"href":"https:\/\/www.fjeldblomster.no\/index.php?rest_route=\/wp\/v2\/pages\/78"}],"collection":[{"href":"https:\/\/www.fjeldblomster.no\/index.php?rest_route=\/wp\/v2\/pages"}],"about":[{"href":"https:\/\/www.fjeldblomster.no\/index.php?rest_route=\/wp\/v2\/types\/page"}],"author":[{"embeddable":true,"href":"https:\/\/www.fjeldblomster.no\/index.php?rest_route=\/wp\/v2\/users\/1"}],"replies":[{"embeddable":true,"href":"https:\/\/www.fjeldblomster.no\/index.php?rest_route=%2Fwp%2Fv2%2Fcomments&post=78"}],"version-history":[{"count":0,"href":"https:\/\/www.fjeldblomster.no\/index.php?rest_route=\/wp\/v2\/pages\/78\/revisions"}],"wp:attachment":[{"href":"https:\/\/www.fjeldblomster.no\/index.php?rest_route=%2Fwp%2Fv2%2Fmedia&parent=78"}],"curies":[{"name":"wp","href":"https:\/\/api.w.org\/{rel}","templated":true}]}}