{"id":59,"date":"2015-02-22T09:53:41","date_gmt":"2015-02-22T08:53:41","guid":{"rendered":"http:\/\/fjeldblomster.no\/?page_id=59"},"modified":"2020-04-06T20:43:36","modified_gmt":"2020-04-06T18:43:36","slug":"vaktmester","status":"publish","type":"page","link":"https:\/\/www.fjeldblomster.no\/?page_id=59","title":{"rendered":"Vaktmester"},"content":{"rendered":"<table style=\"border-color: #ffffff; background-color: #ffffff;\">\n<tbody>\n<tr>\n<td><img decoding=\"async\" loading=\"lazy\" class=\"alignnone size-thumbnail wp-image-24\" src=\"https:\/\/fjeldblomster.no\/wp-content\/uploads\/2015\/02\/vaktmester1-150x150.png\" alt=\"vaktmester1\" width=\"150\" height=\"150\"><\/td>\n<td><img decoding=\"async\" loading=\"lazy\" class=\"alignnone size-thumbnail wp-image-25\" src=\"https:\/\/fjeldblomster.no\/wp-content\/uploads\/2015\/02\/vaktmester2-150x150.png\" alt=\"vaktmester2\" width=\"150\" height=\"150\"><\/td>\n<td><img decoding=\"async\" loading=\"lazy\" class=\"alignnone size-thumbnail wp-image-27\" src=\"https:\/\/fjeldblomster.no\/wp-content\/uploads\/2015\/02\/vaktmester4-150x150.png\" alt=\"vaktmester4\" width=\"150\" height=\"150\"><\/td>\n<\/tr>\n<\/tbody>\n<\/table>\n<p>Fjeld Blomster &amp; Anlegg tilbyr vaktmestertjenester. Tjenestene tilbys prim\u00e6rt hus og hageanlegg i tilknytning til boligbyggelag, privathus og hytter.<\/p>\n<p>T\u00f8mrer arbeidet utf\u00f8res stort sett i vinterhalv\u00e5ret. Oppdragene kan inneb\u00e6re alt av ute og innvendig arbeid som for eksempel rehabilitering, snekring og maling. Ut over dette tar vi ogs\u00e5 p\u00e5 oss oppdrag, uavhengig av eller i forbindelse med t\u00f8mrer arbeidet, som rydding av loft, kjeller og tilh\u00f8rende bortkj\u00f8ring.<\/p>\n<p>I den gr\u00f8nne \u00e5rstiden best\u00e5r ofte vaktmester tjenestene av generelt vedlikehold av hageanlegg tilknyttet en service avtale.&nbsp;<a href=\"https:\/\/fjeldblomster.no\/?page_id=40\">Kontakt oss<\/a>&nbsp;for mer informasjon.<\/p>\n<p>Se ogs\u00e5&nbsp;<a href=\"https:\/\/fjeldblomster.no\/?page_id=64\">Vedlikehold av gr\u00f8ntanlegg<\/a>&nbsp;for mer\/annen informasjon.<\/p>\n","protected":false},"excerpt":{"rendered":"<p>Fjeld Blomster &amp; Anlegg tilbyr vaktmestertjenester. Tjenestene tilbys prim\u00e6rt hus og hageanlegg i tilknytning til boligbyggelag, privathus og hytter. T\u00f8mrer arbeidet utf\u00f8res stort sett i vinterhalv\u00e5ret. Oppdragene kan inneb\u00e6re alt av ute og innvendig arbeid som for eksempel rehabilitering, snekring &hellip; <a href=\"https:\/\/www.fjeldblomster.no\/?page_id=59\">Les videre <span class=\"meta-nav\">&rarr;<\/span><\/a><\/p>\n","protected":false},"author":1,"featured_media":0,"parent":0,"menu_order":0,"comment_status":"closed","ping_status":"open","template":"","meta":{"jetpack_post_was_ever_published":false},"jetpack_sharing_enabled":true,"jetpack_shortlink":"https:\/\/wp.me\/P5OJl1-X","_links":{"self":[{"href":"https:\/\/www.fjeldblomster.no\/index.php?rest_route=\/wp\/v2\/pages\/59"}],"collection":[{"href":"https:\/\/www.fjeldblomster.no\/index.php?rest_route=\/wp\/v2\/pages"}],"about":[{"href":"https:\/\/www.fjeldblomster.no\/index.php?rest_route=\/wp\/v2\/types\/page"}],"author":[{"embeddable":true,"href":"https:\/\/www.fjeldblomster.no\/index.php?rest_route=\/wp\/v2\/users\/1"}],"replies":[{"embeddable":true,"href":"https:\/\/www.fjeldblomster.no\/index.php?rest_route=%2Fwp%2Fv2%2Fcomments&post=59"}],"version-history":[{"count":0,"href":"https:\/\/www.fjeldblomster.no\/index.php?rest_route=\/wp\/v2\/pages\/59\/revisions"}],"wp:attachment":[{"href":"https:\/\/www.fjeldblomster.no\/index.php?rest_route=%2Fwp%2Fv2%2Fmedia&parent=59"}],"curies":[{"name":"wp","href":"https:\/\/api.w.org\/{rel}","templated":true}]}}