{"id":56,"date":"2015-02-22T09:50:04","date_gmt":"2015-02-22T08:50:04","guid":{"rendered":"http:\/\/fjeldblomster.no\/?page_id=56"},"modified":"2015-02-22T09:50:04","modified_gmt":"2015-02-22T08:50:04","slug":"trefelling","status":"publish","type":"page","link":"https:\/\/www.fjeldblomster.no\/?page_id=56","title":{"rendered":"Trefelling"},"content":{"rendered":"<p>Fjeld Blomster &amp; Anlegg utf\u00f8rer trefelling av alle st\u00f8rrelser tr\u00e6r. Vi utf\u00f8rer ogs\u00e5 trefelling av vanskeligstilte tr\u00e6r som krever ekstra arbeid fordi tilkomst er vanskelig. I forbindelse med vanskeligstilte tr\u00e6r kan vi ordne med n\u00f8dvendig utstyr og eventuelt f\u00f8r og etterarbeid. F\u00f8r og etterarbeid er typisk opprydningsarbeid, men ogs\u00e5 istandsettelse av hageanlegget igjen etter fjerning.<\/p>\n<p>Utover trefelling, tilbyr vi ogs\u00e5 stubbefresing og tilh\u00f8rende bortkj\u00f8ring av avfall.<\/p>\n","protected":false},"excerpt":{"rendered":"<p>Fjeld Blomster &amp; Anlegg utf\u00f8rer trefelling av alle st\u00f8rrelser tr\u00e6r. Vi utf\u00f8rer ogs\u00e5 trefelling av vanskeligstilte tr\u00e6r som krever ekstra arbeid fordi tilkomst er vanskelig. I forbindelse med vanskeligstilte tr\u00e6r kan vi ordne med n\u00f8dvendig utstyr og eventuelt f\u00f8r og &hellip; <a href=\"https:\/\/www.fjeldblomster.no\/?page_id=56\">Les videre <span class=\"meta-nav\">&rarr;<\/span><\/a><\/p>\n","protected":false},"author":1,"featured_media":0,"parent":0,"menu_order":0,"comment_status":"closed","ping_status":"open","template":"","meta":{"jetpack_post_was_ever_published":false},"jetpack_sharing_enabled":true,"jetpack_shortlink":"https:\/\/wp.me\/P5OJl1-U","_links":{"self":[{"href":"https:\/\/www.fjeldblomster.no\/index.php?rest_route=\/wp\/v2\/pages\/56"}],"collection":[{"href":"https:\/\/www.fjeldblomster.no\/index.php?rest_route=\/wp\/v2\/pages"}],"about":[{"href":"https:\/\/www.fjeldblomster.no\/index.php?rest_route=\/wp\/v2\/types\/page"}],"author":[{"embeddable":true,"href":"https:\/\/www.fjeldblomster.no\/index.php?rest_route=\/wp\/v2\/users\/1"}],"replies":[{"embeddable":true,"href":"https:\/\/www.fjeldblomster.no\/index.php?rest_route=%2Fwp%2Fv2%2Fcomments&post=56"}],"version-history":[{"count":0,"href":"https:\/\/www.fjeldblomster.no\/index.php?rest_route=\/wp\/v2\/pages\/56\/revisions"}],"wp:attachment":[{"href":"https:\/\/www.fjeldblomster.no\/index.php?rest_route=%2Fwp%2Fv2%2Fmedia&parent=56"}],"curies":[{"name":"wp","href":"https:\/\/api.w.org\/{rel}","templated":true}]}}