{"id":46,"date":"2015-02-22T09:36:39","date_gmt":"2015-02-22T08:36:39","guid":{"rendered":"http:\/\/fjeldblomster.no\/?page_id=46"},"modified":"2020-04-06T20:42:15","modified_gmt":"2020-04-06T18:42:15","slug":"nye-anlegg","status":"publish","type":"page","link":"https:\/\/www.fjeldblomster.no\/?page_id=46","title":{"rendered":"Nye anlegg"},"content":{"rendered":"<p>Fjeld Blomster &amp; Anlegg tar p\u00e5 seg oppdrag for \u00e5 etablere nye gr\u00f8ntanlegg. I forbindelse med slikt arbeid vil vi ogs\u00e5 kunne hjelpe med \u00e5 planlegge utforming og beplantning av den nye hagen.<\/p>\n<p>Vi leverer, legger og beplanter ferdig plen og alle typer planter. I tillegg til vanlig beplantning som stauder, blomster, sm\u00e5 busker og tr\u00e6r, leverer vi ogs\u00e5 e-planter.&nbsp;<a href=\"https:\/\/www.planterfornorskklima.no\/\" target=\"_blank\" rel=\"noopener noreferrer\">E-planter<\/a>&nbsp;er klimatilpassede planter som vanligvis gir en \u00f8kt sjanse for \u00e5 overleve norske klimaforhold, og da spesielt vinteren.<\/p>\n<p>Utover selve beplantningen kan vi ogs\u00e5 levere og lage til sm\u00e5 hagedammer (NB! Vi setter ikke ut fisk). Dersom det er \u00f8nskelig kan vi ogs\u00e5 levere skulpturer.<\/p>\n","protected":false},"excerpt":{"rendered":"<p>Fjeld Blomster &amp; Anlegg tar p\u00e5 seg oppdrag for \u00e5 etablere nye gr\u00f8ntanlegg. I forbindelse med slikt arbeid vil vi ogs\u00e5 kunne hjelpe med \u00e5 planlegge utforming og beplantning av den nye hagen. Vi leverer, legger og beplanter ferdig plen &hellip; <a href=\"https:\/\/www.fjeldblomster.no\/?page_id=46\">Les videre <span class=\"meta-nav\">&rarr;<\/span><\/a><\/p>\n","protected":false},"author":1,"featured_media":0,"parent":0,"menu_order":0,"comment_status":"closed","ping_status":"open","template":"","meta":{"jetpack_post_was_ever_published":false},"jetpack_sharing_enabled":true,"jetpack_shortlink":"https:\/\/wp.me\/P5OJl1-K","_links":{"self":[{"href":"https:\/\/www.fjeldblomster.no\/index.php?rest_route=\/wp\/v2\/pages\/46"}],"collection":[{"href":"https:\/\/www.fjeldblomster.no\/index.php?rest_route=\/wp\/v2\/pages"}],"about":[{"href":"https:\/\/www.fjeldblomster.no\/index.php?rest_route=\/wp\/v2\/types\/page"}],"author":[{"embeddable":true,"href":"https:\/\/www.fjeldblomster.no\/index.php?rest_route=\/wp\/v2\/users\/1"}],"replies":[{"embeddable":true,"href":"https:\/\/www.fjeldblomster.no\/index.php?rest_route=%2Fwp%2Fv2%2Fcomments&post=46"}],"version-history":[{"count":0,"href":"https:\/\/www.fjeldblomster.no\/index.php?rest_route=\/wp\/v2\/pages\/46\/revisions"}],"wp:attachment":[{"href":"https:\/\/www.fjeldblomster.no\/index.php?rest_route=%2Fwp%2Fv2%2Fmedia&parent=46"}],"curies":[{"name":"wp","href":"https:\/\/api.w.org\/{rel}","templated":true}]}}