{"id":158,"date":"2020-04-19T12:54:52","date_gmt":"2020-04-19T10:54:52","guid":{"rendered":"https:\/\/www.fjeldblomster.no\/?page_id=158"},"modified":"2020-04-21T16:37:25","modified_gmt":"2020-04-21T14:37:25","slug":"boretslag","status":"publish","type":"page","link":"https:\/\/www.fjeldblomster.no\/?page_id=158","title":{"rendered":"Boretslag"},"content":{"rendered":"\n<p>Vi har mange borettslag som kunder.\u00a0<\/p>\n<p>Vi tilbyr bl.a.:<\/p>\n<ul>\n<li>Vasking av lekeplasser og kunstgress m.m.<\/li>\n<li>Vaktmestertjenester<\/li>\n<li>Gressklipping<\/li>\n<li>Beplantning<\/li>\n<li>Gj\u00f8dsling<\/li>\n<li>Beskj\u00e6ring av hekk og busker<\/li>\n<li>m.m.<\/li>\n<\/ul>\n<p>Ta kontakt for uforpliktende samtale. Vi gjennomf\u00f8rer gratis befaring.<\/p>\n","protected":false},"excerpt":{"rendered":"<p>Vi har mange borettslag som kunder.\u00a0 Vi tilbyr bl.a.: Vasking av lekeplasser og kunstgress m.m. Vaktmestertjenester Gressklipping Beplantning Gj\u00f8dsling Beskj\u00e6ring av hekk og busker m.m. Ta kontakt for uforpliktende samtale. Vi gjennomf\u00f8rer gratis befaring.<\/p>\n","protected":false},"author":1,"featured_media":0,"parent":0,"menu_order":0,"comment_status":"closed","ping_status":"closed","template":"","meta":{"jetpack_post_was_ever_published":false},"jetpack_sharing_enabled":true,"jetpack_shortlink":"https:\/\/wp.me\/P5OJl1-2y","_links":{"self":[{"href":"https:\/\/www.fjeldblomster.no\/index.php?rest_route=\/wp\/v2\/pages\/158"}],"collection":[{"href":"https:\/\/www.fjeldblomster.no\/index.php?rest_route=\/wp\/v2\/pages"}],"about":[{"href":"https:\/\/www.fjeldblomster.no\/index.php?rest_route=\/wp\/v2\/types\/page"}],"author":[{"embeddable":true,"href":"https:\/\/www.fjeldblomster.no\/index.php?rest_route=\/wp\/v2\/users\/1"}],"replies":[{"embeddable":true,"href":"https:\/\/www.fjeldblomster.no\/index.php?rest_route=%2Fwp%2Fv2%2Fcomments&post=158"}],"version-history":[{"count":3,"href":"https:\/\/www.fjeldblomster.no\/index.php?rest_route=\/wp\/v2\/pages\/158\/revisions"}],"predecessor-version":[{"id":162,"href":"https:\/\/www.fjeldblomster.no\/index.php?rest_route=\/wp\/v2\/pages\/158\/revisions\/162"}],"wp:attachment":[{"href":"https:\/\/www.fjeldblomster.no\/index.php?rest_route=%2Fwp%2Fv2%2Fmedia&parent=158"}],"curies":[{"name":"wp","href":"https:\/\/api.w.org\/{rel}","templated":true}]}}